{"id":905,"date":"2021-09-13T14:41:45","date_gmt":"2021-09-13T14:41:45","guid":{"rendered":"https:\/\/ideal.duoegpanel.com\/entreprise-2\/"},"modified":"2022-06-09T13:02:21","modified_gmt":"2022-06-09T17:02:21","slug":"company","status":"publish","type":"page","link":"https:\/\/ideal.duoegpanel.com\/en\/company\/","title":{"rendered":"Company"},"content":{"rendered":"<section id=\"block-613f696b52a31\" class=\"block header-image\" data-watch>\n\t<div class=\"header-image-background\"><div class=\"image image--fill header-image-background-image\">\n\t\t\t\t<div class=\"frame\">\n\t\t\t\t\t<picture>\n\t\t\t\t\t\t<source srcset=\"https:\/\/ideal.duoegpanel.com\/wp-content\/uploads\/2022\/03\/Header_Entreprise-scaled.jpg\" type=\"image\/jpeg\"\/>\n\t\t\t\t\t\t<img decoding=\"async\" src=\"https:\/\/ideal.duoegpanel.com\/wp-content\/uploads\/2022\/03\/Header_Entreprise-scaled.jpg\">\n\t\t\t\t\t<\/picture>\n\t\t\t\t<\/div>\n\t\t\t<\/div><\/div>\n\t<div class=\"header-image-foreground\">\n\t\t<div class=\"container-large\">\n\t\t\t<div class=\"header-image-content wysiwyg\" data-break-lines=\"h1,h2,h3\">\n\t\t\t\t<h1>Company<\/h1>\n\n\t\t\t<\/div>\n\t\t<\/div>\n\t<\/div>\n<\/section>\n\n<section id=\"block-613f69a752a32\" class=\"block text-2-cols\" data-watch>\n\t<div class=\"container-large\">\n\t\t<div class=\"text-2-cols-main\">\n\n\t\t\t\n\t\t\t<div class=\"text-2-cols-head\">\n\t\t\t\t<div class=\"text-2-cols-content wysiwyg\" data-break-lines=\"h1,h2\">\n\t\t\t\t\t<h2>Id\u00e9al Cargo trailers are built for the future!<\/h2>\n\n\t\t\t\t<\/div>\n\t\t\t<\/div>\n\n\t\t\t<div class=\"text-2-cols-body\">\n\t\t\t\t<div class=\"text-2-cols-content wysiwyg\" data-break-lines=\"h1,h2\">\n\t\t\t\t\t<p>Our manufacturing plant located in the heart of Quebec in St-Val\u00e8re, Centre-du-Qu\u00e9bec, began operations in 1999. The Quebec-based Id\u00e9al Cargo is the largest manufacturer of quality custom trailers in Eastern Canada.<\/p>\n<p>Research and development lie at the core of Id\u00e9al Cargo&#8217;s values as a leader in the trailer market. The team&#8217;s innovation and forward thinking help deliver trailers that exceeds market standards. Our enclosed trailers have been acclaimed for their reliability, durability and aesthetics for over 20 years. More than ever, Id\u00e9al Cargo is committed to reducing its ecological footprint by developing trailers built for the future. In fact, by using all-new GreenEdge technology, we are proving our commitment to future generations by recycling over 6,500 plastic bottles per unit manufactured.<\/p>\n<p>Our trailers are sold at retail through a vast network of dealers. Our desire to satisfy our customers is the focus of our daily efforts and our interest in our loyal clientele is only surpassed by our willingness to keep our promises.<\/p>\n\n\t\t\t\t<\/div>\n\t\t\t<\/div>\n\n\t\t<\/div>\n\t<\/div>\n<\/section>\n\n<section id=\"block-613f6ab382854\" class=\"block video-player video-player--small\" data-watch>\n\t<div class=\"video-player-content\">\n\t\t<div class=\"video-player-frame\">\n\t\t\t<div class=\"video-player-image\"><div class=\"image image--fill \">\n\t\t\t\t<div class=\"frame\">\n\t\t\t\t\t<picture>\n\t\t\t\t\t\t<source srcset=\"https:\/\/ideal.duoegpanel.com\/wp-content\/uploads\/2022\/04\/leo_idealcargo_promocorpo_2021_poster.jpg\" type=\"image\/jpeg\"\/>\n\t\t\t\t\t\t<img decoding=\"async\" src=\"https:\/\/ideal.duoegpanel.com\/wp-content\/uploads\/2022\/04\/leo_idealcargo_promocorpo_2021_poster.jpg\">\n\t\t\t\t\t<\/picture>\n\t\t\t\t<\/div>\n\t\t\t<\/div><\/div>\n\t\t\t<div class=\"video-player-video\">\n\t\t\t\t<div class=\"video \">\n\t\t\t\t<video class=\"background\"   loop preload=\"auto\">\n\t\t\t\t\t<source src=\"https:\/\/ideal.duoegpanel.com\/wp-content\/uploads\/2022\/06\/leo_idealcargo_promocorpo_2021_evocore_en_web_uhd_23976_mix_v2-720p.mp4\" type=\"video\/mp4\">\n\t\t\t\t<\/video>\n\t\t\t\t<div class=\"video-play\"><\/div>\n\t\t\t\t<div class=\"video-stop\"><\/div>\n\t\t\t\t\n\t\t\t<\/div>\n\t\t\t<\/div>\n\t\t<\/div>\n\t<\/div>\n<\/section>\n\n<section id=\"block-613f6ac182855\" class=\"block text-2-cols\" data-watch>\n\t<div class=\"container-large\">\n\t\t<div class=\"text-2-cols-main\">\n\n\t\t\t\t\t\t\t<div class=\"text-2-cols-heading\" data-break-lines=\"h1,h2\">\n\t\t\t\t\t<h2>Mission<br \/>\r\nVision<br \/>\r\nValues<\/h2>\n\t\t\t\t<\/div>\n\t\t\t\n\t\t\t<div class=\"text-2-cols-head\">\n\t\t\t\t<div class=\"text-2-cols-content wysiwyg\" data-break-lines=\"h1,h2\">\n\t\t\t\t\t<h3>Mission<\/h3>\n<p>To set the standard in trailer manufacturing by surpassing the market standard in the areas of lightweight design, sturdiness and aesthetics.<\/p>\n\n\t\t\t\t<\/div>\n\t\t\t<\/div>\n\n\t\t\t<div class=\"text-2-cols-body\">\n\t\t\t\t<div class=\"text-2-cols-content wysiwyg\" data-break-lines=\"h1,h2\">\n\t\t\t\t\t\n\t\t\t\t<\/div>\n\t\t\t<\/div>\n\n\t\t<\/div>\n\t<\/div>\n<\/section>\n\n<section id=\"block-61566e1116ef9\" class=\"block text-2-cols\" data-watch>\n\t<div class=\"container-large\">\n\t\t<div class=\"text-2-cols-main\">\n\n\t\t\t\n\t\t\t<div class=\"text-2-cols-head\">\n\t\t\t\t<div class=\"text-2-cols-content wysiwyg\" data-break-lines=\"h1,h2\">\n\t\t\t\t\t<h3>Values<\/h3>\n<h4>Integrity and respect<\/h4>\n<p>Integrity and respect guide all our actions and solidify our credibility.<\/p>\n<h4>Honesty and trust<\/h4>\n<p>Honesty and trust allow us to earn and maintain our relationships with our customers, our suppliers and all our colleagues.<\/p>\n\n\t\t\t\t<\/div>\n\t\t\t<\/div>\n\n\t\t\t<div class=\"text-2-cols-body\">\n\t\t\t\t<div class=\"text-2-cols-content wysiwyg\" data-break-lines=\"h1,h2\">\n\t\t\t\t\t<h3><\/h3>\n<h4>Passion and determination<\/h4>\n<p>Passion and determination drive us to offer an innovative product that makes us truly proud.<\/p>\n\n\t\t\t\t<\/div>\n\t\t\t<\/div>\n\n\t\t<\/div>\n\t<\/div>\n<\/section>\n\n<section id=\"block-6149deb9c7945\" class=\"block ge-cta\" data-watch>\n\t<div class=\"container-large\">\n\t\t<div class=\"ge-cta-main\">\n\n\t\t\t<div class=\"ge-cta-head\">\n\t\t\t\t<div class=\"ge-cta-image ge-cta-image--en\"><\/div>\n\t\t\t<\/div>\n\n\t\t\t<div class=\"ge-cta-body\">\n\t\t\t\t<div class=\"ge-cta-content wysiwyg\" data-break-lines=\"h1,h2,h3\"><h2>A revolutionary technology<br \/>\nunrivalled in North America<\/h2>\n<p>Opt for a trailer made from 100% recycled bio-composite panels.<\/p>\n<\/div>\n\t\t\t\t<div class=\"ge-cta-callout\">\n\t\t\t\t\t<a class=\"button\" href=\"https:\/\/ideal.duoegpanel.com\/en\/greenedge-innovation\/\" >Discover GreenEdge<\/a>\n\t\t\t\t<\/div>\n\t\t\t<\/div>\n\n\t\t<\/div>\n\t<\/div>\n<\/section>\n\n<section id=\"block-613f6bd582857\" class=\"block cta-large\" data-watch>\n\t<div class=\"cta-large-background\">\n\t\t<div class=\"cta-large-background-main\"><div class=\"image image--fill \">\n\t\t\t\t<div class=\"frame\">\n\t\t\t\t\t<picture>\n\t\t\t\t\t\t<source srcset=\"https:\/\/ideal.duoegpanel.com\/wp-content\/uploads\/2021\/09\/Footer_OuAcheter.jpg\" type=\"image\/jpeg\"\/>\n\t\t\t\t\t\t<img decoding=\"async\" src=\"https:\/\/ideal.duoegpanel.com\/wp-content\/uploads\/2021\/09\/Footer_OuAcheter.jpg\">\n\t\t\t\t\t<\/picture>\n\t\t\t\t<\/div>\n\t\t\t<\/div><\/div>\n\t\t<div class=\"cta-large-background-side\"><\/div>\n\t<\/div>\n\t<div class=\"cta-large-foreground\">\n\t\t<div class=\"cta-large-heading wysiwyg\" data-break-lines=\"h1,h2,h3\"><h2>Where to buy ?<\/h2>\n<\/div>\n\t\t<div class=\"cta-large-callout\">\n\t\t\t<a class=\"button button--section\" href=\"https:\/\/ideal.duoegpanel.com\/en\/dealers\/\" >Find<br \/>\r\na dealer<\/a>\n\t\t<\/div>\n\t<\/div>\n<\/section>","protected":false},"excerpt":{"rendered":"","protected":false},"author":1,"featured_media":0,"parent":0,"menu_order":0,"comment_status":"closed","ping_status":"closed","template":"","meta":{"_acf_changed":false,"inline_featured_image":false,"footnotes":""},"class_list":["post-905","page","type-page","status-publish","hentry"],"acf":[],"_links":{"self":[{"href":"https:\/\/ideal.duoegpanel.com\/en\/wp-json\/wp\/v2\/pages\/905"}],"collection":[{"href":"https:\/\/ideal.duoegpanel.com\/en\/wp-json\/wp\/v2\/pages"}],"about":[{"href":"https:\/\/ideal.duoegpanel.com\/en\/wp-json\/wp\/v2\/types\/page"}],"author":[{"embeddable":true,"href":"https:\/\/ideal.duoegpanel.com\/en\/wp-json\/wp\/v2\/users\/1"}],"replies":[{"embeddable":true,"href":"https:\/\/ideal.duoegpanel.com\/en\/wp-json\/wp\/v2\/comments?post=905"}],"version-history":[{"count":0,"href":"https:\/\/ideal.duoegpanel.com\/en\/wp-json\/wp\/v2\/pages\/905\/revisions"}],"wp:attachment":[{"href":"https:\/\/ideal.duoegpanel.com\/en\/wp-json\/wp\/v2\/media?parent=905"}],"curies":[{"name":"wp","href":"https:\/\/api.w.org\/{rel}","templated":true}]}}